{"id":107,"date":"2014-07-13T10:07:01","date_gmt":"2014-07-13T10:07:01","guid":{"rendered":"http:\/\/transition-potsdam.de\/?page_id=107"},"modified":"2014-07-14T14:55:21","modified_gmt":"2014-07-14T14:55:21","slug":"kontakt","status":"publish","type":"page","link":"http:\/\/transition-potsdam.de\/?page_id=107","title":{"rendered":"Kontakt"},"content":{"rendered":"<p>\u00dcber unseren <strong>Email-Verteiler<\/strong> versenden wir Ank\u00fcndigungen zu unseren regelm\u00e4\u00dfigen Treffen, Zusammenfassungen des Besprochenen und Infos zu Aktionen.<\/p>\n<p>Anmeldung geht ganz leicht <a href=\"https:\/\/mail.asta.uni-potsdam.de\/mailman\/listinfo\/transition-potsdam\"> auf dieser Seite<\/a> unter &#8222;Abonnieren von Transition-Potsdam&#8220;.<\/p>\n<p>Abmeldung jederzeit auf der gleichen Seite m\u00f6glich.<\/p>\n<p>Wer uns Infos auf Papier zukommen lassen m\u00f6chte kann den Briefkasten des <a href=\"http:\/\/transition-potsdam.de\/?p=7\"><strong>Madia<\/strong><\/a> benutzen oder Dinge gleich dort abgeben.<\/p>\n<p>Wir freuen uns \u00fcber digitale und analoge Neugiere!<\/p>\n","protected":false},"excerpt":{"rendered":"<p>\u00dcber unseren Email-Verteiler versenden wir Ank\u00fcndigungen zu unseren regelm\u00e4\u00dfigen Treffen, Zusammenfassungen des Besprochenen und Infos zu Aktionen. Anmeldung geht ganz leicht auf dieser Seite unter &#8222;Abonnieren von Transition-Potsdam&#8220;. Abmeldung jederzeit auf der gleichen Seite m\u00f6glich. Wer uns Infos auf Papier zukommen lassen m\u00f6chte kann den Briefkasten des Madia benutzen oder Dinge gleich dort abgeben. Wir [&hellip;]<\/p>\n","protected":false},"author":1,"featured_media":0,"parent":0,"menu_order":0,"comment_status":"closed","ping_status":"closed","template":"","meta":{"footnotes":""},"class_list":["post-107","page","type-page","status-publish","hentry"],"_links":{"self":[{"href":"http:\/\/transition-potsdam.de\/index.php?rest_route=\/wp\/v2\/pages\/107","targetHints":{"allow":["GET"]}}],"collection":[{"href":"http:\/\/transition-potsdam.de\/index.php?rest_route=\/wp\/v2\/pages"}],"about":[{"href":"http:\/\/transition-potsdam.de\/index.php?rest_route=\/wp\/v2\/types\/page"}],"author":[{"embeddable":true,"href":"http:\/\/transition-potsdam.de\/index.php?rest_route=\/wp\/v2\/users\/1"}],"replies":[{"embeddable":true,"href":"http:\/\/transition-potsdam.de\/index.php?rest_route=%2Fwp%2Fv2%2Fcomments&post=107"}],"version-history":[{"count":2,"href":"http:\/\/transition-potsdam.de\/index.php?rest_route=\/wp\/v2\/pages\/107\/revisions"}],"predecessor-version":[{"id":110,"href":"http:\/\/transition-potsdam.de\/index.php?rest_route=\/wp\/v2\/pages\/107\/revisions\/110"}],"wp:attachment":[{"href":"http:\/\/transition-potsdam.de\/index.php?rest_route=%2Fwp%2Fv2%2Fmedia&parent=107"}],"curies":[{"name":"wp","href":"https:\/\/api.w.org\/{rel}","templated":true}]}}